{"id":21,"date":"2024-04-11T23:56:53","date_gmt":"2024-04-11T23:56:53","guid":{"rendered":"https:\/\/ateberisso.com.ar\/?page_id=21"},"modified":"2024-05-02T08:58:53","modified_gmt":"2024-05-02T11:58:53","slug":"gremiales","status":"publish","type":"page","link":"https:\/\/ateberisso.com.ar\/index.php\/gremiales\/","title":{"rendered":"\u00a1AFILIATE!"},"content":{"rendered":"\n<p>Si no te encontr\u00e1s organizadx en ning\u00fan sindicato es posible que sufras la vulneraci\u00f3n de tus derechos. ATE es un gremio que pelea y defiende las condiciones dignas de trabajo siendo la punta de lanza de los reclamos laborales y las mejoras salariales.<\/p>\n\n\n\n<p>Por eso apostamos en seguir creciendo como sindicato para as\u00ed poder llegar a la mayor cantidad de trabajadorxs, con el fin de lograr salarios dignos, estabilidad laboral, condiciones dignas de trabajo y un Estado al servicio de las clases populares.<\/p>\n\n\n\n<p>Necesitamos profundizar la lucha y la organizaci\u00f3n para poder crecer en afiliaciones que nos permitan ser protagonistas de nuestra propia historia.<\/p>\n\n\n\n<h4 class=\"wp-block-heading\"><em>TU PARTICIPACI\u00d3N ES CLAVE.<\/em><\/h4>\n\n\n\n<div class=\"wp-block-buttons is-content-justification-center is-layout-flex wp-container-core-buttons-is-layout-16018d1d wp-block-buttons-is-layout-flex\">\n<div class=\"wp-block-button is-style-fill\"><a class=\"wp-block-button__link has-text-align-center wp-element-button\">Ficha de Afiliaci\u00f3n<\/a><\/div>\n<\/div>\n","protected":false},"excerpt":{"rendered":"<p>Si no te encontr\u00e1s organizadx en ning\u00fan sindicato es posible que sufras la vulneraci\u00f3n de tus derechos. ATE es un gremio que pelea y defiende las condiciones dignas de trabajo siendo la punta de lanza de los reclamos laborales y las mejoras salariales. Por eso apostamos en seguir creciendo como sindicato para as\u00ed poder llegar&#8230;<\/p>\n","protected":false},"author":1,"featured_media":0,"parent":0,"menu_order":0,"comment_status":"closed","ping_status":"closed","template":"","meta":{"footnotes":""},"class_list":["post-21","page","type-page","status-publish","hentry"],"_links":{"self":[{"href":"https:\/\/ateberisso.com.ar\/index.php\/wp-json\/wp\/v2\/pages\/21","targetHints":{"allow":["GET"]}}],"collection":[{"href":"https:\/\/ateberisso.com.ar\/index.php\/wp-json\/wp\/v2\/pages"}],"about":[{"href":"https:\/\/ateberisso.com.ar\/index.php\/wp-json\/wp\/v2\/types\/page"}],"author":[{"embeddable":true,"href":"https:\/\/ateberisso.com.ar\/index.php\/wp-json\/wp\/v2\/users\/1"}],"replies":[{"embeddable":true,"href":"https:\/\/ateberisso.com.ar\/index.php\/wp-json\/wp\/v2\/comments?post=21"}],"version-history":[{"count":7,"href":"https:\/\/ateberisso.com.ar\/index.php\/wp-json\/wp\/v2\/pages\/21\/revisions"}],"predecessor-version":[{"id":125,"href":"https:\/\/ateberisso.com.ar\/index.php\/wp-json\/wp\/v2\/pages\/21\/revisions\/125"}],"wp:attachment":[{"href":"https:\/\/ateberisso.com.ar\/index.php\/wp-json\/wp\/v2\/media?parent=21"}],"curies":[{"name":"wp","href":"https:\/\/api.w.org\/{rel}","templated":true}]}}