{"id":25,"date":"2024-04-11T23:59:17","date_gmt":"2024-04-11T23:59:17","guid":{"rendered":"https:\/\/ateberisso.com.ar\/?page_id=25"},"modified":"2024-05-28T08:52:02","modified_gmt":"2024-05-28T11:52:02","slug":"derechos-humanos","status":"publish","type":"page","link":"https:\/\/ateberisso.com.ar\/index.php\/derechos-humanos\/","title":{"rendered":"Derechos Humanos"},"content":{"rendered":"\n<p>Desde nuestra seccional tenemos un fuerte compromiso con las pol\u00edticas de memoria y defensa de los Derechos Humanos. Teniendo una inserci\u00f3n pol\u00edtica , gremial y social, no tan solo pensando a los D.D.H.H con una concepci\u00f3n simple como la vida, la dignidad, la libertad, sino tambi\u00e9n desde la perspectiva de los civiles, pol\u00edticos, econ\u00f3micos, sociales y culturales, como el derecho al trabajo, la sindicalizaci\u00f3n, el acceso a la seguridad social, la salud, educaci\u00f3n y vivienda.&nbsp;<\/p>\n\n\n\n<p>Entendemos que hoy el ejercicio efectivo e igualitario de los Derechos Humanos dista por mucho de ser llevado a cabo en su plenitud. Por eso debemos bregar por los derechos afectados en situaciones de precarizaci\u00f3n laboral, cuando se impiden o restringen los derechos de sindicalizaci\u00f3n, cuando se hace trabajar sin normas de seguridad social. Nos proponemos ser parte activa en la denuncia, acompa\u00f1amiento y garant\u00eda del acceso a derechos para todes.&nbsp;<\/p>\n\n\n\n<p>Esta secretar\u00eda tiene por objetivos; fomentar, proponer y monitorear las pol\u00edticas p\u00fablicas de Derechos Humanos, especialmente en lo referido a las pol\u00edticas de Memoria, Verdad y Justicia y a violencia institucional. Articulando con otras organizaciones y junto a los Organismos locales, regionales y provinciales.<\/p>\n\n\n\n<p>Realizaci\u00f3n de actividades de concientizaci\u00f3n y difusi\u00f3n, formaci\u00f3n a les trabajadores organizades en nuestra organizaci\u00f3n as\u00ed puedan ejercer el poder de resistir al atropello contra los Derechos Humanos en cada \u00e1mbito de trabajo, en las escuelas, en nuestras organizaciones sociales etc.<\/p>\n","protected":false},"excerpt":{"rendered":"<p>Desde nuestra seccional tenemos un fuerte compromiso con las pol\u00edticas de memoria y defensa de los Derechos Humanos. Teniendo una inserci\u00f3n pol\u00edtica , gremial y social, no tan solo pensando a los D.D.H.H con una concepci\u00f3n simple como la vida, la dignidad, la libertad, sino tambi\u00e9n desde la perspectiva de los civiles, pol\u00edticos, econ\u00f3micos, sociales&#8230;<\/p>\n","protected":false},"author":1,"featured_media":0,"parent":0,"menu_order":0,"comment_status":"closed","ping_status":"closed","template":"","meta":{"footnotes":""},"class_list":["post-25","page","type-page","status-publish","hentry"],"_links":{"self":[{"href":"https:\/\/ateberisso.com.ar\/index.php\/wp-json\/wp\/v2\/pages\/25","targetHints":{"allow":["GET"]}}],"collection":[{"href":"https:\/\/ateberisso.com.ar\/index.php\/wp-json\/wp\/v2\/pages"}],"about":[{"href":"https:\/\/ateberisso.com.ar\/index.php\/wp-json\/wp\/v2\/types\/page"}],"author":[{"embeddable":true,"href":"https:\/\/ateberisso.com.ar\/index.php\/wp-json\/wp\/v2\/users\/1"}],"replies":[{"embeddable":true,"href":"https:\/\/ateberisso.com.ar\/index.php\/wp-json\/wp\/v2\/comments?post=25"}],"version-history":[{"count":2,"href":"https:\/\/ateberisso.com.ar\/index.php\/wp-json\/wp\/v2\/pages\/25\/revisions"}],"predecessor-version":[{"id":134,"href":"https:\/\/ateberisso.com.ar\/index.php\/wp-json\/wp\/v2\/pages\/25\/revisions\/134"}],"wp:attachment":[{"href":"https:\/\/ateberisso.com.ar\/index.php\/wp-json\/wp\/v2\/media?parent=25"}],"curies":[{"name":"wp","href":"https:\/\/api.w.org\/{rel}","templated":true}]}}