{"id":27,"date":"2024-04-11T23:59:38","date_gmt":"2024-04-11T23:59:38","guid":{"rendered":"https:\/\/ateberisso.com.ar\/?page_id=27"},"modified":"2024-06-13T08:28:59","modified_gmt":"2024-06-13T11:28:59","slug":"genero","status":"publish","type":"page","link":"https:\/\/ateberisso.com.ar\/index.php\/genero\/","title":{"rendered":"G\u00e9nero y Diversidad"},"content":{"rendered":"\n<p>La Secretar\u00eda de G\u00e9nero de nuestra Seccional tiene la tarea de proteger a las compa\u00f1eras y diversidades ante la violencia laboral que a\u00fan vemos manifestarse en distintos \u00e1mbitos del Estado, como as\u00ed tambi\u00e9n en sus vidas personales.<\/p>\n\n\n\n<p>Es nuestro compromiso generar capacitaciones y espacios de debate a fin de que conozcan sus derechos y se empoderen para la acci\u00f3n ante los atropellos sufridos, sabiendo adem\u00e1s que, la precarizaci\u00f3n e inestabilidad laboral son un caldo de cultivo para la proliferaci\u00f3n de todas las formas de violencia que constituyen hoy las relaciones laborales particularmente en el Estado.<br>Nos abocamos a fortalecer la agenda gremial visibilizando las problem\u00e1ticas que afrontan mujeres y diversidades tanto en los lugares de trabajo como en las propias organizaciones sindicales. Acompa\u00f1amos a las trabajadoras desde lo gremial, legal e interdisciplinario en casos denunciados ante las autoridades que correspondan. Generamos un espacio de escucha respetando la intimidad y privacidad de sus experiencias traum\u00e1ticas.<\/p>\n\n\n\n<p>Ejes como cuidados, licencias, cupo laboral travesti trans, Convenio 190, son algunas de las tem\u00e1ticas que deber\u00edan aparecer cada vez que los representantes sindicales nuestros se sienten a discutir reclamos. La jornada fue un espacio de escucha de las diversas experiencias atravesadas por m\u00faltiples formas de violencias, las resistencias que existen en el cumplimiento de leyes como la ILE, la informaci\u00f3n sesgada que se sigue brindando desde \u00e1reas como salud en relaci\u00f3n a derechos sexuales y reproductivos, el hostigamiento y las amenazas a trabajadores que pretenden hacer cumplir esos derechos.<br>Se acord\u00f3 trabajar en la visibilizaci\u00f3n y la denuncia de ordenanzas antiderechos a pesar de ser ilegales. Desde la sanci\u00f3n de la Ley No. 27.610 de aborto legal, seguro y gratuito sancionado en diciembre del 2020, todas esas ordenanzas debieron ser derogadas porque son ilegales.<\/p>\n","protected":false},"excerpt":{"rendered":"<p>La Secretar\u00eda de G\u00e9nero de nuestra Seccional tiene la tarea de proteger a las compa\u00f1eras y diversidades ante la violencia laboral que a\u00fan vemos manifestarse en distintos \u00e1mbitos del Estado, como as\u00ed tambi\u00e9n en sus vidas personales. Es nuestro compromiso generar capacitaciones y espacios de debate a fin de que conozcan sus derechos y se&#8230;<\/p>\n","protected":false},"author":1,"featured_media":0,"parent":0,"menu_order":0,"comment_status":"closed","ping_status":"closed","template":"","meta":{"footnotes":""},"class_list":["post-27","page","type-page","status-publish","hentry"],"_links":{"self":[{"href":"https:\/\/ateberisso.com.ar\/index.php\/wp-json\/wp\/v2\/pages\/27","targetHints":{"allow":["GET"]}}],"collection":[{"href":"https:\/\/ateberisso.com.ar\/index.php\/wp-json\/wp\/v2\/pages"}],"about":[{"href":"https:\/\/ateberisso.com.ar\/index.php\/wp-json\/wp\/v2\/types\/page"}],"author":[{"embeddable":true,"href":"https:\/\/ateberisso.com.ar\/index.php\/wp-json\/wp\/v2\/users\/1"}],"replies":[{"embeddable":true,"href":"https:\/\/ateberisso.com.ar\/index.php\/wp-json\/wp\/v2\/comments?post=27"}],"version-history":[{"count":3,"href":"https:\/\/ateberisso.com.ar\/index.php\/wp-json\/wp\/v2\/pages\/27\/revisions"}],"predecessor-version":[{"id":145,"href":"https:\/\/ateberisso.com.ar\/index.php\/wp-json\/wp\/v2\/pages\/27\/revisions\/145"}],"wp:attachment":[{"href":"https:\/\/ateberisso.com.ar\/index.php\/wp-json\/wp\/v2\/media?parent=27"}],"curies":[{"name":"wp","href":"https:\/\/api.w.org\/{rel}","templated":true}]}}