{"id":33,"date":"2024-04-12T00:01:28","date_gmt":"2024-04-12T00:01:28","guid":{"rendered":"https:\/\/ateberisso.com.ar\/?page_id=33"},"modified":"2024-05-30T08:50:53","modified_gmt":"2024-05-30T11:50:53","slug":"accion-social-turismo-y-salud","status":"publish","type":"page","link":"https:\/\/ateberisso.com.ar\/index.php\/accion-social-turismo-y-salud\/","title":{"rendered":"Acci\u00f3n social, Turismo y cultura"},"content":{"rendered":"\n<p><strong>En la secretar\u00eda se encuentran y articulan diferentes acciones y actividades de las \u00e1reas de acci\u00f3n social, turismo y cultura.&nbsp;<\/strong><\/p>\n\n\n\n<p>Los d\u00edas de atenci\u00f3n al p\u00fablico son los lunes de 9 a 12.30 hs y martes a viernes de 9 a 16 hs.<\/p>\n\n\n\n<p>Nuestras l\u00edneas de consultas son:<\/p>\n\n\n\n<p>2215414672 Whatsapp<\/p>\n\n\n\n<p>correo electr\u00f3nico <a href=\"mailto:ateberissoaccionsocial@gmail.com\">ateberissoaccionsocial@gmail.com<\/a><\/p>\n\n\n\n<p>Facebook ATE Berisso<\/p>\n\n\n\n<p>Turismo y Cultura e Instagram accionsoc.atebsso.<\/p>\n\n\n\n<p><strong><span style=\"text-decoration: underline;\">ACCI\u00d3N SOCIAL\u00a0<\/span><\/strong><\/p>\n\n\n\n<p><strong><em>COSEGURO<\/em><\/strong><\/p>\n\n\n\n<p>Mediante la afiliaci\u00f3n al coseguro lxs afiliadxs tienen las siguientes coberturas:&nbsp;<\/p>\n\n\n\n<p><strong>\u00d3PTICA:<\/strong> Reintegro en Lentes. Mayores de 35 a\u00f1os dos pares de lentes por a\u00f1o. Menores de 35 a\u00f1os un par por a\u00f1o.<\/p>\n\n\n\n<p><em>COBERTURAS EN BONOS DE CONSULTA, BONO BIOQU\u00cdMICO Y PR\u00c1CTICAS M\u00c9DICAS<\/em>:<\/p>\n\n\n\n<p><strong>ODONTOLOG\u00cdA:<\/strong> cobertura en bono de consulta y bono de Bioseguridad e Higiene.<\/p>\n\n\n\n<p><strong>RECETARIOS DE MEDICAMENTOS<\/strong>: 3 recetarios por mes que permiten la cobertura de 6 medicamentos mensuales.\u00a0<\/p>\n\n\n\n<p><strong>PSICOLOG\u00cdA.<\/strong> 4 sesiones mensuales.<\/p>\n\n\n\n<p><strong>SESIONES DE KINESIOLOG\u00cdA<\/strong>.<\/p>\n\n\n\n<p><strong>FONOAUDIOLOG\u00cdA.\u00a0<\/strong><\/p>\n\n\n\n<p><strong>AUDIOMETR\u00cdA.\u00a0<\/strong><\/p>\n\n\n\n<p><strong>ORTOPEDIA.<\/strong>\u00a0<\/p>\n\n\n\n<p><strong>SUBSIDIOS POR NACIMIENTO Y MATRIMONIO.\u00a0<\/strong><\/p>\n\n\n\n<p><strong>SUBSIDIO POR FALLECIMIENTO.<\/strong><\/p>\n\n\n\n<p><strong>GUARDAPOLVOS Y KIT ESCOLARES.\u00a0<\/strong><\/p>\n\n\n\n<p><strong>SERVICIO DE EMERGENCIA &#8220;AMBAR&#8221;.<\/strong>\u00a0<\/p>\n\n\n\n<p><strong>Sal\u00f3n CEVECIM (<\/strong><strong>Centro el Veterano Ex-Combatiente Islas Malvinas):<\/strong> nuestrxs afiliadxs pueden acceder al alquiler del sal\u00f3n para eventos privados con un descuento de m\u00e1s del 40 %.<\/p>\n\n\n\n<p><strong>PUNTO DE RETIRO de ALMA VERDE: <\/strong>a partir de un convenio con la cooperativa Alma Verde se establece la Seccional de ATE Berisso como punto de retiro de los CAJONES DE VERDURA para lxs afiliadxs y vecinxs de la ciudad.<\/p>\n\n\n\n<p><strong><span style=\"text-decoration: underline;\">TURISMO<\/span><\/strong><\/p>\n\n\n\n<p>El ocio, el tiempo libre y las vacaciones son derechos. Para garantizar el descanso y el disfrute las familias de lxs trabajadorxs desde el \u00e1rea de Turismo se proponen diferentes propuestas tur\u00edsticas:<\/p>\n\n\n\n<p>-Turismo y miniturismo con las agencias de viaje \u201cSalseando y Akun\u201d a diferentes destinos dentro y fuera del pa\u00eds con importantes descuentos y facilidades de pago.<\/p>\n\n\n\n<p>-A trav\u00e9s de un convenio con la Secretaria de Acci\u00f3n Social, Turismo y Cultura de ATE Ensenada, nuestrxs afiliadxs pueden optar por alojamiento tur\u00edstico en la Hoster\u00eda \u201cEl Molino\u201d en la ciudad de R\u00edo Ceballos de la provincia de C\u00f3rdoba y en el Hotel de SOSBA en la ciudad de Mar del Plata.<\/p>\n\n\n\n<p><strong><span style=\"text-decoration: underline;\">CULTURA<\/span><\/strong><\/p>\n\n\n\n<p>Concebimos al&nbsp; arte como un campo de conocimiento que est\u00e1 intr\u00ednsecamente vinculado a la pol\u00edtica y a la construcci\u00f3n de un mundo m\u00e1s justo. Es as\u00ed que desde el \u00e1rea de CULTURA velamos por un espacio donde se promuevan proyectos art\u00edsticos que reconozcan las diferentes expresiones culturales (danza, poes\u00eda, m\u00fasica, teatro, entre otras), donde lxs afiliadxs no s\u00f3lo accedan a diferentes actividades y\/o talleres de un modo recreativo sino que tambi\u00e9n puedan apropiarse de diferentes herramientas que les permitan la construcci\u00f3n de universos simb\u00f3licos individuales y colectivos potenciando el patrimonio cultural de la regi\u00f3n.&nbsp;<\/p>\n","protected":false},"excerpt":{"rendered":"<p>En la secretar\u00eda se encuentran y articulan diferentes acciones y actividades de las \u00e1reas de acci\u00f3n social, turismo y cultura.&nbsp; Los d\u00edas de atenci\u00f3n al p\u00fablico son los lunes de 9 a 12.30 hs y martes a viernes de 9 a 16 hs. Nuestras l\u00edneas de consultas son: 2215414672 Whatsapp correo electr\u00f3nico ateberissoaccionsocial@gmail.com Facebook ATE&#8230;<\/p>\n","protected":false},"author":1,"featured_media":0,"parent":0,"menu_order":0,"comment_status":"closed","ping_status":"closed","template":"","meta":{"footnotes":""},"class_list":["post-33","page","type-page","status-publish","hentry"],"_links":{"self":[{"href":"https:\/\/ateberisso.com.ar\/index.php\/wp-json\/wp\/v2\/pages\/33","targetHints":{"allow":["GET"]}}],"collection":[{"href":"https:\/\/ateberisso.com.ar\/index.php\/wp-json\/wp\/v2\/pages"}],"about":[{"href":"https:\/\/ateberisso.com.ar\/index.php\/wp-json\/wp\/v2\/types\/page"}],"author":[{"embeddable":true,"href":"https:\/\/ateberisso.com.ar\/index.php\/wp-json\/wp\/v2\/users\/1"}],"replies":[{"embeddable":true,"href":"https:\/\/ateberisso.com.ar\/index.php\/wp-json\/wp\/v2\/comments?post=33"}],"version-history":[{"count":3,"href":"https:\/\/ateberisso.com.ar\/index.php\/wp-json\/wp\/v2\/pages\/33\/revisions"}],"predecessor-version":[{"id":141,"href":"https:\/\/ateberisso.com.ar\/index.php\/wp-json\/wp\/v2\/pages\/33\/revisions\/141"}],"wp:attachment":[{"href":"https:\/\/ateberisso.com.ar\/index.php\/wp-json\/wp\/v2\/media?parent=33"}],"curies":[{"name":"wp","href":"https:\/\/api.w.org\/{rel}","templated":true}]}}